{"id":234493,"date":"2022-11-15T09:00:39","date_gmt":"2022-11-15T08:00:39","guid":{"rendered":"https:\/\/www.euronix.es\/producto\/epi403030-4042-circular-relaxation-tapestry-100-x-30-inside-diameter\/"},"modified":"2022-11-15T09:00:39","modified_gmt":"2022-11-15T08:00:39","slug":"epi4030-4042-tapiz-relajacion-circular-100-x-30-diametro-interior","status":"publish","type":"product","link":"https:\/\/www.euronix.es\/en\/producto\/epi4030-4042-tapiz-relajacion-circular-100-x-30-diametro-interior\/","title":{"rendered":"EPI403030\/4042 Circular relaxation tapestry 100 x 30 inside diameter"},"content":{"rendered":"<ul>\n<li>Size S: 100\u00d730 cms. \u00d8 Interior<\/li>\n<li>Size M: 100\u00d742 cms. \u00d8 Interior<\/li>\n<li>Foam material<\/li>\n<li>Various Colors<\/li>\n<\/ul>\n","protected":false},"excerpt":{"rendered":"<p>Size S: 100\u00d730 cms. \u00d8 Interior Size M: 100\u00d742 cms. \u00d8 Interior Foam material Various Colors<\/p>\n","protected":false},"featured_media":231570,"template":"","meta":{"_acf_changed":false,"_et_pb_use_builder":"","_et_pb_old_content":"","_et_gb_content_width":""},"product_brand":[],"product_cat":[577,573,545],"product_tag":[],"class_list":{"0":"post-234493","1":"product","2":"type-product","3":"status-publish","4":"has-post-thumbnail","6":"product_cat-figures-and-tapestries","7":"product_cat-floats-and-games","8":"product_cat-pools-en","10":"first","11":"instock","12":"shipping-taxable","13":"product-type-simple"},"acf":[],"_links":{"self":[{"href":"https:\/\/www.euronix.es\/en\/wp-json\/wp\/v2\/product\/234493","targetHints":{"allow":["GET"]}}],"collection":[{"href":"https:\/\/www.euronix.es\/en\/wp-json\/wp\/v2\/product"}],"about":[{"href":"https:\/\/www.euronix.es\/en\/wp-json\/wp\/v2\/types\/product"}],"wp:featuredmedia":[{"embeddable":true,"href":"https:\/\/www.euronix.es\/en\/wp-json\/wp\/v2\/media\/231570"}],"wp:attachment":[{"href":"https:\/\/www.euronix.es\/en\/wp-json\/wp\/v2\/media?parent=234493"}],"wp:term":[{"taxonomy":"product_brand","embeddable":true,"href":"https:\/\/www.euronix.es\/en\/wp-json\/wp\/v2\/product_brand?post=234493"},{"taxonomy":"product_cat","embeddable":true,"href":"https:\/\/www.euronix.es\/en\/wp-json\/wp\/v2\/product_cat?post=234493"},{"taxonomy":"product_tag","embeddable":true,"href":"https:\/\/www.euronix.es\/en\/wp-json\/wp\/v2\/product_tag?post=234493"}],"curies":[{"name":"wp","href":"https:\/\/api.w.org\/{rel}","templated":true}]}}