{"id":236562,"date":"2024-01-31T20:34:30","date_gmt":"2024-01-31T19:34:30","guid":{"rendered":"https:\/\/www.euronix.es\/?post_type=product&#038;p=236562"},"modified":"2024-02-13T15:57:39","modified_gmt":"2024-02-13T14:57:39","slug":"barra-dominadas-ecal19","status":"publish","type":"product","link":"https:\/\/www.euronix.es\/en\/producto\/barra-dominadas-ecal19\/","title":{"rendered":"Barra dominadas &#8211; ECAL19"},"content":{"rendered":"<p>El equipo se ha dise\u00f1ado de tal manera que es un punto de encuentro entre los requisitos de la <strong>UNE EN 913 y UNE EN 16.630 \u00f3 UNE EN 20.957. Certificado seg\u00fan la UNE EN 16.630.<\/strong><\/p>\n<p>Est\u00e1 formado por dos postes y un conjunto de barras entre medio, el cual permite un mejor agarre. La barra de dominadas permite a los usuarios realizar una variedad de ejercicios que se centran en el desarrollo de la fuerza de la parte superior del cuerpo, especialmente en los m\u00fasculos de la espalda, brazos y abdomen.<\/p>\n","protected":false},"excerpt":{"rendered":"<p>El equipo se ha dise\u00f1ado de tal manera que es un punto de encuentro entre los requisitos de la UNE EN 913 y UNE EN 16.630 \u00f3 UNE EN 20.957. Certificado seg\u00fan la UNE EN 16.630. Est\u00e1 formado por dos postes y un conjunto de barras entre medio, el cual permite un mejor agarre. La [&hellip;]<\/p>\n","protected":false},"featured_media":236564,"template":"","meta":{"_acf_changed":false,"_et_pb_use_builder":"","_et_pb_old_content":"","_et_gb_content_width":""},"product_brand":[],"product_cat":[231,232],"product_tag":[],"class_list":{"0":"post-236562","1":"product","2":"type-product","3":"status-publish","4":"has-post-thumbnail","6":"product_cat-deportes-al-aire-libre","7":"product_cat-calistenia-workout","9":"first","10":"instock","11":"shipping-taxable","12":"product-type-simple"},"acf":[],"_links":{"self":[{"href":"https:\/\/www.euronix.es\/en\/wp-json\/wp\/v2\/product\/236562","targetHints":{"allow":["GET"]}}],"collection":[{"href":"https:\/\/www.euronix.es\/en\/wp-json\/wp\/v2\/product"}],"about":[{"href":"https:\/\/www.euronix.es\/en\/wp-json\/wp\/v2\/types\/product"}],"wp:featuredmedia":[{"embeddable":true,"href":"https:\/\/www.euronix.es\/en\/wp-json\/wp\/v2\/media\/236564"}],"wp:attachment":[{"href":"https:\/\/www.euronix.es\/en\/wp-json\/wp\/v2\/media?parent=236562"}],"wp:term":[{"taxonomy":"product_brand","embeddable":true,"href":"https:\/\/www.euronix.es\/en\/wp-json\/wp\/v2\/product_brand?post=236562"},{"taxonomy":"product_cat","embeddable":true,"href":"https:\/\/www.euronix.es\/en\/wp-json\/wp\/v2\/product_cat?post=236562"},{"taxonomy":"product_tag","embeddable":true,"href":"https:\/\/www.euronix.es\/en\/wp-json\/wp\/v2\/product_tag?post=236562"}],"curies":[{"name":"wp","href":"https:\/\/api.w.org\/{rel}","templated":true}]}}