{"id":236574,"date":"2024-01-31T21:11:25","date_gmt":"2024-01-31T20:11:25","guid":{"rendered":"https:\/\/www.euronix.es\/?post_type=product&#038;p=236574"},"modified":"2024-02-13T16:00:57","modified_gmt":"2024-02-13T15:00:57","slug":"escalera-ascendente-ecal20","status":"publish","type":"product","link":"https:\/\/www.euronix.es\/en\/producto\/escalera-ascendente-ecal20\/","title":{"rendered":"Escalera ascendente &#8211; ECAL20"},"content":{"rendered":"<p>El equipo se ha dise\u00f1ado de tal manera que es un punto de encuentro entre los requisitos de la <strong>UNE EN 913 y UNE EN 16.630 \u00f3 UNE EN 20.957. Certificado seg\u00fan la UNE EN 16.630.<\/strong><\/p>\n<p>Est\u00e1 formado por una serie de barras horizontales colocadas en una disposici\u00f3n ascendente, de manera que las barras est\u00e1n dispuestas en diferentes alturas a medida que se asciende. Estas barras proporcionan puntos de apoyo para realizar una variedad de ejercicios que trabajan diferentes grupos musculares y mejoran la fuerza, la resistencia y la coordinaci\u00f3n.<\/p>\n","protected":false},"excerpt":{"rendered":"<p>El equipo se ha dise\u00f1ado de tal manera que es un punto de encuentro entre los requisitos de la UNE EN 913 y UNE EN 16.630 \u00f3 UNE EN 20.957. Certificado seg\u00fan la UNE EN 16.630. Est\u00e1 formado por una serie de barras horizontales colocadas en una disposici\u00f3n ascendente, de manera que las barras est\u00e1n [&hellip;]<\/p>\n","protected":false},"featured_media":236575,"template":"","meta":{"_acf_changed":false,"_et_pb_use_builder":"","_et_pb_old_content":"","_et_gb_content_width":""},"product_brand":[],"product_cat":[231,232],"product_tag":[],"class_list":{"0":"post-236574","1":"product","2":"type-product","3":"status-publish","4":"has-post-thumbnail","6":"product_cat-deportes-al-aire-libre","7":"product_cat-calistenia-workout","9":"first","10":"instock","11":"shipping-taxable","12":"product-type-simple"},"acf":[],"_links":{"self":[{"href":"https:\/\/www.euronix.es\/en\/wp-json\/wp\/v2\/product\/236574","targetHints":{"allow":["GET"]}}],"collection":[{"href":"https:\/\/www.euronix.es\/en\/wp-json\/wp\/v2\/product"}],"about":[{"href":"https:\/\/www.euronix.es\/en\/wp-json\/wp\/v2\/types\/product"}],"wp:featuredmedia":[{"embeddable":true,"href":"https:\/\/www.euronix.es\/en\/wp-json\/wp\/v2\/media\/236575"}],"wp:attachment":[{"href":"https:\/\/www.euronix.es\/en\/wp-json\/wp\/v2\/media?parent=236574"}],"wp:term":[{"taxonomy":"product_brand","embeddable":true,"href":"https:\/\/www.euronix.es\/en\/wp-json\/wp\/v2\/product_brand?post=236574"},{"taxonomy":"product_cat","embeddable":true,"href":"https:\/\/www.euronix.es\/en\/wp-json\/wp\/v2\/product_cat?post=236574"},{"taxonomy":"product_tag","embeddable":true,"href":"https:\/\/www.euronix.es\/en\/wp-json\/wp\/v2\/product_tag?post=236574"}],"curies":[{"name":"wp","href":"https:\/\/api.w.org\/{rel}","templated":true}]}}