{"id":236578,"date":"2024-01-31T21:18:20","date_gmt":"2024-01-31T20:18:20","guid":{"rendered":"https:\/\/www.euronix.es\/?post_type=product&#038;p=236578"},"modified":"2024-02-13T16:03:24","modified_gmt":"2024-02-13T15:03:24","slug":"cuerda-trepa-epal21","status":"publish","type":"product","link":"https:\/\/www.euronix.es\/en\/producto\/cuerda-trepa-epal21\/","title":{"rendered":"Cuerda trepa &#8211; ECAL21"},"content":{"rendered":"<p>El equipo se ha dise\u00f1ado de tal manera que es un punto de encuentro entre los requisitos de la <strong>UNE EN 913 y UNE EN 16.630 \u00f3 UNE EN 20.957. Certificado seg\u00fan la UNE EN 16.630.<\/strong><\/p>\n<p>Est\u00e1 formado por dos postes con una barra vertical en la cual se suspende verticalmente la cuerda. La cuerda trepa se utiliza para realizar ejercicios en los que el usuario utiliza exclusivamente sus brazos y piernas para ascender por la cuerda. Este tipo de actividad no solo desarrolla la fuerza en los m\u00fasculos de los brazos y la espalda, sino que tambi\u00e9n involucra los m\u00fasculos de las piernas y el n\u00facleo, proporcionando un entrenamiento integral.<\/p>\n","protected":false},"excerpt":{"rendered":"<p>El equipo se ha dise\u00f1ado de tal manera que es un punto de encuentro entre los requisitos de la UNE EN 913 y UNE EN 16.630 \u00f3 UNE EN 20.957. Certificado seg\u00fan la UNE EN 16.630. Est\u00e1 formado por dos postes con una barra vertical en la cual se suspende verticalmente la cuerda. La cuerda [&hellip;]<\/p>\n","protected":false},"featured_media":236581,"template":"","meta":{"_acf_changed":false,"_et_pb_use_builder":"","_et_pb_old_content":"","_et_gb_content_width":""},"product_brand":[],"product_cat":[231,232],"product_tag":[],"class_list":{"0":"post-236578","1":"product","2":"type-product","3":"status-publish","4":"has-post-thumbnail","6":"product_cat-deportes-al-aire-libre","7":"product_cat-calistenia-workout","9":"first","10":"instock","11":"shipping-taxable","12":"product-type-simple"},"acf":[],"_links":{"self":[{"href":"https:\/\/www.euronix.es\/en\/wp-json\/wp\/v2\/product\/236578","targetHints":{"allow":["GET"]}}],"collection":[{"href":"https:\/\/www.euronix.es\/en\/wp-json\/wp\/v2\/product"}],"about":[{"href":"https:\/\/www.euronix.es\/en\/wp-json\/wp\/v2\/types\/product"}],"wp:featuredmedia":[{"embeddable":true,"href":"https:\/\/www.euronix.es\/en\/wp-json\/wp\/v2\/media\/236581"}],"wp:attachment":[{"href":"https:\/\/www.euronix.es\/en\/wp-json\/wp\/v2\/media?parent=236578"}],"wp:term":[{"taxonomy":"product_brand","embeddable":true,"href":"https:\/\/www.euronix.es\/en\/wp-json\/wp\/v2\/product_brand?post=236578"},{"taxonomy":"product_cat","embeddable":true,"href":"https:\/\/www.euronix.es\/en\/wp-json\/wp\/v2\/product_cat?post=236578"},{"taxonomy":"product_tag","embeddable":true,"href":"https:\/\/www.euronix.es\/en\/wp-json\/wp\/v2\/product_tag?post=236578"}],"curies":[{"name":"wp","href":"https:\/\/api.w.org\/{rel}","templated":true}]}}