{"id":236584,"date":"2024-01-31T21:24:38","date_gmt":"2024-01-31T20:24:38","guid":{"rendered":"https:\/\/www.euronix.es\/?post_type=product&#038;p=236584"},"modified":"2024-02-13T16:05:37","modified_gmt":"2024-02-13T15:05:37","slug":"anillas-ecal22","status":"publish","type":"product","link":"https:\/\/www.euronix.es\/en\/producto\/anillas-ecal22\/","title":{"rendered":"Anillas &#8211; ECAL22"},"content":{"rendered":"<p>El equipo se ha dise\u00f1ado de tal manera que es un punto de encuentro entre los requisitos de la <strong>UNE EN 913 y UNE EN 16.630 \u00f3 UNE EN 20.957. Certificado seg\u00fan la UNE EN 16.630.<\/strong><\/p>\n<p>Est\u00e1 formado por dos postes y una barra transversal en la cual est\u00e1n fijadas dos anillas ajustables, suspendidas por correas resistentes. Las anillas permiten una amplia gama de ejercicios que trabajan diversos grupos musculares. Algunos ejercicios comunes incluyen dominadas en anillas, fondos, flexiones, abdominales y variaciones de ejercicios de equilibrio y suspensi\u00f3n.<\/p>\n","protected":false},"excerpt":{"rendered":"<p>El equipo se ha dise\u00f1ado de tal manera que es un punto de encuentro entre los requisitos de la UNE EN 913 y UNE EN 16.630 \u00f3 UNE EN 20.957. Certificado seg\u00fan la UNE EN 16.630. Est\u00e1 formado por dos postes y una barra transversal en la cual est\u00e1n fijadas dos anillas ajustables, suspendidas por [&hellip;]<\/p>\n","protected":false},"featured_media":236585,"template":"","meta":{"_acf_changed":false,"_et_pb_use_builder":"","_et_pb_old_content":"","_et_gb_content_width":""},"product_brand":[],"product_cat":[231,232],"product_tag":[],"class_list":{"0":"post-236584","1":"product","2":"type-product","3":"status-publish","4":"has-post-thumbnail","6":"product_cat-deportes-al-aire-libre","7":"product_cat-calistenia-workout","9":"first","10":"instock","11":"shipping-taxable","12":"product-type-simple"},"acf":[],"_links":{"self":[{"href":"https:\/\/www.euronix.es\/en\/wp-json\/wp\/v2\/product\/236584","targetHints":{"allow":["GET"]}}],"collection":[{"href":"https:\/\/www.euronix.es\/en\/wp-json\/wp\/v2\/product"}],"about":[{"href":"https:\/\/www.euronix.es\/en\/wp-json\/wp\/v2\/types\/product"}],"wp:featuredmedia":[{"embeddable":true,"href":"https:\/\/www.euronix.es\/en\/wp-json\/wp\/v2\/media\/236585"}],"wp:attachment":[{"href":"https:\/\/www.euronix.es\/en\/wp-json\/wp\/v2\/media?parent=236584"}],"wp:term":[{"taxonomy":"product_brand","embeddable":true,"href":"https:\/\/www.euronix.es\/en\/wp-json\/wp\/v2\/product_brand?post=236584"},{"taxonomy":"product_cat","embeddable":true,"href":"https:\/\/www.euronix.es\/en\/wp-json\/wp\/v2\/product_cat?post=236584"},{"taxonomy":"product_tag","embeddable":true,"href":"https:\/\/www.euronix.es\/en\/wp-json\/wp\/v2\/product_tag?post=236584"}],"curies":[{"name":"wp","href":"https:\/\/api.w.org\/{rel}","templated":true}]}}