{"id":237995,"date":"2024-04-18T13:44:39","date_gmt":"2024-04-18T11:44:39","guid":{"rendered":"https:\/\/www.euronix.es\/?post_type=product&#038;p=237995"},"modified":"2024-04-19T20:49:17","modified_gmt":"2024-04-19T18:49:17","slug":"football-maxx-50-140","status":"publish","type":"product","link":"https:\/\/www.euronix.es\/en\/producto\/football-maxx-50-140\/","title":{"rendered":"Football Maxx 50-140"},"content":{"rendered":"<div style=\"overflow-x: auto;\">\n<table style=\"width: 100%; background-color: #f4f4f4;\">\n<tbody>\n<tr>\n<th style=\"background-color: #218abf; color: #fff; text-align: center;\" colspan=\"1\">THREAD<\/th>\n<th style=\"background-color: #000; color: #fff; text-align: center;\" colspan=\"1\">TURF CONSTRUCTION<\/th>\n<\/tr>\n<tr>\n<td style=\"text-align: center; width: 50%; line-height: 1.2em; height: 55px;\"><strong>TYPE<\/strong> Straight Monofilament<\/td>\n<td style=\"text-align: center; width: 50%; line-height: 1.2em; height: 55px;\"><strong>YARN HEIGHT<\/strong> 50 mm<\/p>\n<p><strong>YARN LENGTH<\/strong> 50 mm<\/td>\n<\/tr>\n<tr>\n<td style=\"text-align: center; width: 50%; line-height: 1.2em; height: 55px;\"><strong>COMPOSITION<\/strong> 100% PE &#8211; UV STABILIZED<\/td>\n<td style=\"text-align: center; width: 50%; line-height: 1.2em; height: 55px;\">5\/8&#8221; <strong>SLEEVE<\/strong><\/p>\n<p><strong>Stitches<\/strong> 140\/m<\/td>\n<\/tr>\n<tr>\n<td style=\"text-align: center; width: 50%; line-height: 1.2em; height: 55px;\"><strong>YARN THICKNESS<\/strong><\/p>\n<p>\u03bcm (TOTAL) 375 \u03bcm (FIFA) 365<\/td>\n<td style=\"text-align: center; width: 50%; line-height: 1.2em; height: 55px;\"><strong>SCORING \/<sup>m2<\/sup><\/strong> 8,820<\/p>\n<p><strong>FILAMENTS \/<sup>m2<\/sup><\/strong> 105,840<\/td>\n<\/tr>\n<tr>\n<td style=\"text-align: center; width: 50%; line-height: 1.2em; height: 55px;\"><strong>DTEX\/FILAMENTS<\/strong> 13,500\/6<\/p>\n<p><strong>YARN WIDTH<\/strong> 1,1 mm<\/td>\n<td style=\"text-align: center; width: 50%; line-height: 1.2em; height: 55px;\"><strong>YARN WEIGHT g \/<sup>m2<\/sup><\/strong> 1.290<\/td>\n<\/tr>\n<tr>\n<th style=\"background-color: #218abf; color: #fff; text-align: center;\" colspan=\"1\">PRIMARY SUPPORT<\/th>\n<th style=\"background-color: #000; color: #fff; text-align: center;\" colspan=\"1\">TURF CONSTRUCTION<\/th>\n<\/tr>\n<tr>\n<td style=\"text-align: center; width: 50%; line-height: 1.2em; height: 55px;\"><strong>TYPE<\/strong> Stabilized interlaced multilayer fabric<\/td>\n<td style=\"text-align: center; width: 50%; line-height: 1.2em; height: 55px;\"><strong>TOTAL WEIGHT<\/strong> 2,215 g \/<sup>m2<\/sup><\/td>\n<\/tr>\n<tr>\n<td style=\"text-align: center; width: 50%; line-height: 1.2em; height: 55px;\"><strong>FINISH<\/strong> Polyurethane<\/td>\n<td style=\"text-align: center; width: 50%; line-height: 1.2em; height: 55px;\"><strong>TOTAL HEIGHT<\/strong> 52 mm<\/td>\n<\/tr>\n<tr>\n<th style=\"background-color: #218abf; color: #fff; text-align: center;\" colspan=\"2\">DESCRIPTION<\/th>\n<\/tr>\n<tr>\n<th style=\"background-color: #f4f4f4; color: #000;\" colspan=\"2\">\n<p style=\"font-weight: 300; padding-left: 2em; padding-right: 3em; line-height: 1.2em;\">Looking for a sports turf designed to last? #Maxx es un c\u00e9sped monofilamento bicolor con secci\u00f3n diamante, dise\u00f1ado para un uso intenso y una larga vida \u00fatil. The FIFA-certified #Maxx range is available in various combinations and offers customers a choice of different types of foam shockpads, in-situ elastic layers and various types of high-performance fillers (Cork, SBR).<\/p>\n<p>&nbsp;<\/th>\n<\/tr>\n<\/tbody>\n<\/table>\n<\/div>\n","protected":false},"excerpt":{"rendered":"<p>THREAD TURF CONSTRUCTION TYPE Straight Monofilament YARN HEIGHT 50 mm YARN LENGTH 50 mm COMPOSITION 100% PE &#8211; UV STABILIZED 5\/8&#8221; SLEEVE Stitches 140\/m YARN THICKNESS \u03bcm (TOTAL) 375 \u03bcm (FIFA) 365 SCORING \/m2 8,820 FILAMENTS \/m2 105,840 DTEX\/FILAMENTS 13,500\/6 YARN WIDTH 1,1 mm YARN WEIGHT g \/m2 1.290 PRIMARY SUPPORT TURF CONSTRUCTION TYPE Stabilized [&hellip;]<\/p>\n","protected":false},"featured_media":237997,"template":"","meta":{"_acf_changed":false,"_et_pb_use_builder":"","_et_pb_old_content":"","_et_gb_content_width":""},"product_brand":[],"product_cat":[602,429,611],"product_tag":[],"class_list":{"0":"post-237995","1":"product","2":"type-product","3":"status-publish","4":"has-post-thumbnail","6":"product_cat-artificial-turf","7":"product_cat-sports-equipment","8":"product_cat-deportivo-en","10":"first","11":"instock","12":"shipping-taxable","13":"product-type-simple"},"acf":[],"_links":{"self":[{"href":"https:\/\/www.euronix.es\/en\/wp-json\/wp\/v2\/product\/237995","targetHints":{"allow":["GET"]}}],"collection":[{"href":"https:\/\/www.euronix.es\/en\/wp-json\/wp\/v2\/product"}],"about":[{"href":"https:\/\/www.euronix.es\/en\/wp-json\/wp\/v2\/types\/product"}],"wp:featuredmedia":[{"embeddable":true,"href":"https:\/\/www.euronix.es\/en\/wp-json\/wp\/v2\/media\/237997"}],"wp:attachment":[{"href":"https:\/\/www.euronix.es\/en\/wp-json\/wp\/v2\/media?parent=237995"}],"wp:term":[{"taxonomy":"product_brand","embeddable":true,"href":"https:\/\/www.euronix.es\/en\/wp-json\/wp\/v2\/product_brand?post=237995"},{"taxonomy":"product_cat","embeddable":true,"href":"https:\/\/www.euronix.es\/en\/wp-json\/wp\/v2\/product_cat?post=237995"},{"taxonomy":"product_tag","embeddable":true,"href":"https:\/\/www.euronix.es\/en\/wp-json\/wp\/v2\/product_tag?post=237995"}],"curies":[{"name":"wp","href":"https:\/\/api.w.org\/{rel}","templated":true}]}}